{"id":3200,"date":"2023-07-10T11:22:06","date_gmt":"2023-07-10T08:22:06","guid":{"rendered":"https:\/\/www.icapcontactcenter.com\/?page_id=3200"},"modified":"2024-10-07T10:03:26","modified_gmt":"2024-10-07T07:03:26","slug":"industries","status":"publish","type":"page","link":"https:\/\/www.icapcontactcenter.com\/sr\/industries\/","title":{"rendered":"Oblasti specijalizacija"},"content":{"rendered":"<section class=\"wpb-content-wrapper\"><section id=\"sr-industries\" class=\"vc_section\"><div class=\"vc-custom-col-spacing clearfix vc-col-spacing-30\"><section class=\"wpb_row vc_row-fluid row-content-position-Default\"><div class=\"wprt-container\"><div class=\"row-inner clearfix\"><div class=\"wpb_column vc_column_container vc_col-sm-12\"><div class=\"vc_column-inner\"><div class=\"wpb_wrapper\">\r\n\t<div class=\"wprt-spacer clearfix\" data-desktop=\"55\" data-mobi=\"30\" data-smobi=\"30\"><\/div><div class=\"wprt-headings clearfix text-center\"  style=\"\"><h2 class=\"heading clearfix\" style=\"font-weight:700;color:#233167;margin-bottom:3px;\">\r\n\t\tOblasti specijalizacija\r\n\t<\/h2><div class=\"sep  clearfix\" style=\"width:60px;height:3px;background-color:#9ab53f;\"><\/div><p class=\"sub-heading clearfix\" style=\"font-style:normal;color:#233167;font-size:14px;line-height:28px;margin-top:11px;max-width:520px; margin-left: auto; margin-right: auto;\">\r\n\t\tUslu\u017eujemo kompanije i organizacije u svim sektorima i sara\u0111ujemo sa njima kako bismo stvarali trajnu vrednost. Indikativni katalog oblasti specijalizacija:\r\n\t<\/p><\/div>\r\n\t<div class=\"wprt-spacer clearfix\" data-desktop=\"35\" data-mobi=\"35\" data-smobi=\"35\"><\/div>\r\n\t<div class=\"wprt-spacer clearfix\" data-desktop=\"55\" data-mobi=\"30\" data-smobi=\"30\"><\/div><\/div><\/div><\/div><\/div><\/div><\/section><\/div><div class=\"vc-custom-col-spacing clearfix vc-col-spacing-30\"><section class=\"wpb_row vc_row-fluid equalize sm-equalize-auto vc_custom_1694770969350 vc_row-has-fill no-padding row-content-position-Default row-equal-height\"><div class=\"row-inner clearfix\"><div class=\"wpb_column vc_column_container vc_col-sm-6 vc_col-has-fill\"><div class=\"vc_column-inner vc_custom_1694608774060\"><div class=\"wpb_wrapper\">\n\t<div  class=\"wpb_single_image wpb_content_element vc_align_left   txtimg-row-left\">\n\t\t\n\t\t<figure class=\"wpb_wrapper vc_figure\">\n\t\t\t<div class=\"vc_single_image-wrapper   vc_box_border_grey\"><img loading=\"lazy\" decoding=\"async\" width=\"750\" height=\"420\" src=\"https:\/\/www.icapcontactcenter.com\/wp-content\/uploads\/2024\/08\/Tilepikoinonies-photo-2.jpg\" class=\"vc_single_image-img attachment-full\" alt=\"\" title=\"Tilepikoinonies-photo-2\" srcset=\"https:\/\/www.icapcontactcenter.com\/wp-content\/uploads\/2024\/08\/Tilepikoinonies-photo-2.jpg 750w, https:\/\/www.icapcontactcenter.com\/wp-content\/uploads\/2024\/08\/Tilepikoinonies-photo-2-300x168.jpg 300w, https:\/\/www.icapcontactcenter.com\/wp-content\/uploads\/2024\/08\/Tilepikoinonies-photo-2-18x10.jpg 18w, https:\/\/www.icapcontactcenter.com\/wp-content\/uploads\/2024\/08\/Tilepikoinonies-photo-2-600x336.jpg 600w, https:\/\/www.icapcontactcenter.com\/wp-content\/uploads\/2024\/08\/Tilepikoinonies-photo-2-480x269.jpg 480w\" sizes=\"(max-width: 750px) 100vw, 750px\" \/><\/div>\n\t\t<\/figure>\n\t<\/div>\n<\/div><\/div><\/div><div class=\"txt-row-right wpb_column vc_column_container vc_col-sm-6\"><div class=\"vc_column-inner\"><div class=\"wpb_wrapper\"><div class=\"wprt-content-box clearfix\" data-padding=\"\" data-mobipadding=\"\" data-margin=\"\" data-mobimargin=\"8%\">\r\n\t\t<div class=\"inner\" style=\"\">\r\n\t\t\t<div class=\"wprt-headings clearfix\"  style=\"\"><h2 class=\"heading clearfix\" style=\"font-weight:700;color:#233167;margin-bottom:5px;\">\r\n\t\t\u03a4elekomunikacije\r\n\t<\/h2><div class=\"sep  clearfix\" style=\"width:60px;height:3px;background-color:#9ab53f;\"><\/div><p class=\"sub-heading clearfix\" style=\"font-style:normal;font-size:14px;line-height:28px;margin-top:12px;margin-bottom:20px;\">\r\n\t\tICAP Kontakt Centar nudi \u0161irok spektar usluga sa izuzetnom efikasno\u0161\u0107u i dodatom vredno\u0161\u0107u u oblasti telekomunikacija. Na\u0161 dugogodi\u0161nji rad i specijalizacija u naprednim tehnologijama poput 5G omogu\u0107avaju nam da pru\u017eamo napredna re\u0161enja koja podr\u017eavaju savremene zahteve tr\u017ei\u0161ta. Na\u0161 multikanalni pristup obuhvata usluge dru\u0161tvenih medija, glasa, \u010deta, video poziva i emailova, postavljaju\u0107i nas kao va\u0161eg strate\u0161kog partnera sa potrebnim rezultatima, smanjenim operativnim tro\u0161kovima, vode\u0107im tehnologijama, pove\u0107anom stopom zadovoljstva korisnika, rastom i uspehom.\r\n\t<\/p><\/div>\n\r\n\t\t<\/div>\r\n\t<\/div><\/div><\/div><\/div><\/div><\/section><\/div><div class=\"vc-custom-col-spacing clearfix vc-col-spacing-30\"><section class=\"wpb_row vc_row-fluid equalize sm-equalize-auto vc_custom_1694770988645 vc_row-has-fill no-padding row-content-position-Default row-equal-height\"><div class=\"row-inner clearfix\"><div class=\"txt-row-left wpb_column vc_column_container vc_col-sm-6\"><div class=\"vc_column-inner\"><div class=\"wpb_wrapper\"><div class=\"wprt-content-box clearfix\" data-padding=\"\" data-mobipadding=\"\" data-margin=\"\" data-mobimargin=\"8%\">\r\n\t\t<div class=\"inner\" style=\"\">\r\n\t\t\t<div class=\"wprt-headings clearfix\"  style=\"\"><h2 class=\"heading clearfix\" style=\"font-weight:700;color:#233167;margin-bottom:5px;\">\r\n\t\tBankarstvo\r\n\t<\/h2><div class=\"sep  clearfix\" style=\"width:60px;height:3px;background-color:#9ab53f;\"><\/div><p class=\"sub-heading clearfix\" style=\"font-style:normal;font-size:14px;line-height:28px;margin-top:12px;margin-bottom:20px;\">\r\n\t\tZnanje i iskustvo koje imamo u uslugama bankarskih kontaktnih centara \u010dini na\u0161 rad izuzetnim u ovoj oblasti.<br \/>\nNa\u0161i specijalizovani predstavnici su potpuno upoznati sa va\u0161im proizvodima i uslugama, pru\u017eaju\u0107i personalizovana re\u0161enja koja omogu\u0107avaju efikasnu prodaju, zadovoljne klijente, smanjenje tro\u0161kova i pove\u0107anje va\u0161e konkurentnosti.\r\n\t<\/p><\/div>\n\r\n\t\t<\/div>\r\n\t<\/div><\/div><\/div><\/div><div class=\"wpb_column vc_column_container vc_col-sm-6 vc_col-has-fill\"><div class=\"vc_column-inner vc_custom_1694608881493\"><div class=\"wpb_wrapper\">\n\t<div  class=\"wpb_single_image wpb_content_element vc_align_left   txtimg-row-right\">\n\t\t\n\t\t<figure class=\"wpb_wrapper vc_figure\">\n\t\t\t<div class=\"vc_single_image-wrapper   vc_box_border_grey\"><img loading=\"lazy\" decoding=\"async\" width=\"750\" height=\"420\" src=\"https:\/\/www.icapcontactcenter.com\/wp-content\/uploads\/2023\/09\/Trapezes-photo-1.jpg\" class=\"vc_single_image-img attachment-full\" alt=\"\" title=\"Trapezes-photo\" srcset=\"https:\/\/www.icapcontactcenter.com\/wp-content\/uploads\/2023\/09\/Trapezes-photo-1.jpg 750w, https:\/\/www.icapcontactcenter.com\/wp-content\/uploads\/2023\/09\/Trapezes-photo-1-300x168.jpg 300w, https:\/\/www.icapcontactcenter.com\/wp-content\/uploads\/2023\/09\/Trapezes-photo-1-18x10.jpg 18w, https:\/\/www.icapcontactcenter.com\/wp-content\/uploads\/2023\/09\/Trapezes-photo-1-600x336.jpg 600w, https:\/\/www.icapcontactcenter.com\/wp-content\/uploads\/2023\/09\/Trapezes-photo-1-480x269.jpg 480w\" sizes=\"(max-width: 750px) 100vw, 750px\" \/><\/div>\n\t\t<\/figure>\n\t<\/div>\n<\/div><\/div><\/div><\/div><\/section><\/div><div class=\"vc-custom-col-spacing clearfix vc-col-spacing-30\"><section class=\"wpb_row vc_row-fluid equalize sm-equalize-auto vc_custom_1694771009886 vc_row-has-fill no-padding row-content-position-Default row-equal-height\"><div class=\"row-inner clearfix\"><div class=\"wpb_column vc_column_container vc_col-sm-6 vc_col-has-fill\"><div class=\"vc_column-inner vc_custom_1694608988067\"><div class=\"wpb_wrapper\">\n\t<div  class=\"wpb_single_image wpb_content_element vc_align_left   txtimg-row-left\">\n\t\t\n\t\t<figure class=\"wpb_wrapper vc_figure\">\n\t\t\t<div class=\"vc_single_image-wrapper   vc_box_border_grey\"><img loading=\"lazy\" decoding=\"async\" width=\"750\" height=\"420\" src=\"https:\/\/www.icapcontactcenter.com\/wp-content\/uploads\/2024\/08\/Asfaleies-Energeia-photo2.jpg\" class=\"vc_single_image-img attachment-full\" alt=\"\" title=\"Asfaleies-Energeia-photo2\" srcset=\"https:\/\/www.icapcontactcenter.com\/wp-content\/uploads\/2024\/08\/Asfaleies-Energeia-photo2.jpg 750w, https:\/\/www.icapcontactcenter.com\/wp-content\/uploads\/2024\/08\/Asfaleies-Energeia-photo2-300x168.jpg 300w, https:\/\/www.icapcontactcenter.com\/wp-content\/uploads\/2024\/08\/Asfaleies-Energeia-photo2-18x10.jpg 18w, https:\/\/www.icapcontactcenter.com\/wp-content\/uploads\/2024\/08\/Asfaleies-Energeia-photo2-600x336.jpg 600w, https:\/\/www.icapcontactcenter.com\/wp-content\/uploads\/2024\/08\/Asfaleies-Energeia-photo2-480x269.jpg 480w\" sizes=\"(max-width: 750px) 100vw, 750px\" \/><\/div>\n\t\t<\/figure>\n\t<\/div>\n<\/div><\/div><\/div><div class=\"txt-row-right wpb_column vc_column_container vc_col-sm-6\"><div class=\"vc_column-inner\"><div class=\"wpb_wrapper\"><div class=\"wprt-content-box clearfix\" data-padding=\"\" data-mobipadding=\"\" data-margin=\"\" data-mobimargin=\"8%\">\r\n\t\t<div class=\"inner\" style=\"\">\r\n\t\t\t<div class=\"wprt-headings clearfix\"  style=\"\"><h2 class=\"heading clearfix\" style=\"font-weight:700;color:#233167;margin-bottom:5px;\">\r\n\t\tOsiguranje i Energetika\r\n\t<\/h2><div class=\"sep  clearfix\" style=\"width:60px;height:3px;background-color:#9ab53f;\"><\/div><p class=\"sub-heading clearfix\" style=\"font-style:normal;font-size:14px;line-height:28px;margin-top:12px;margin-bottom:20px;\">\r\n\t\tPredstavnici na\u0161eg telefonskog centra su izuzetno obu\u010deni za pitanja koja se odnose na sektor osiguranja i energetike, pru\u017eaju\u0107i sveobuhvatna re\u0161enja na\u0161im klijentima. Bez obzira da li je re\u010d o osiguranju automobila, zdravstva, \u017eivota ili pitanjima koja se odnose na snabdevanje energijom, mi odgovaramo na va\u0161e potrebe sa profesionalizmom i poverenjem. Na\u0161e znanje, iskustvo i sna\u017ene tehni\u010dke mogu\u0107nosti omogu\u0107avaju nam da pru\u017eimo najbolje mogu\u0107e rezultate za postizanje i prevazila\u017eenje ciljeva i o\u010dekivanja na\u0161ih saradnika sa zna\u010dajno niskim tro\u0161kovima.\r\n\t<\/p><\/div>\n\r\n\t\t<\/div>\r\n\t<\/div><\/div><\/div><\/div><\/div><\/section><\/div><div class=\"vc-custom-col-spacing clearfix vc-col-spacing-30\"><section class=\"wpb_row vc_row-fluid equalize sm-equalize-auto vc_custom_1694771024587 vc_row-has-fill no-padding row-content-position-Default row-equal-height\"><div class=\"row-inner clearfix\"><div class=\"txt-row-left wpb_column vc_column_container vc_col-sm-6\"><div class=\"vc_column-inner\"><div class=\"wpb_wrapper\"><div class=\"wprt-content-box clearfix\" data-padding=\"\" data-mobipadding=\"\" data-margin=\"\" data-mobimargin=\"8%\">\r\n\t\t<div class=\"inner\" style=\"\">\r\n\t\t\t<div class=\"wprt-headings clearfix\"  style=\"\"><h2 class=\"heading clearfix\" style=\"font-weight:700;color:#233167;margin-bottom:5px;\">\r\n\t\tUsluge od op\u0161teg interesa\r\n\t<\/h2><div class=\"sep  clearfix\" style=\"width:60px;height:3px;background-color:#9ab53f;\"><\/div><p class=\"sub-heading clearfix\" style=\"font-style:normal;font-size:14px;line-height:28px;margin-top:12px;margin-bottom:20px;\">\r\n\t\tICAP Kontakt Centar mo\u017ee pru\u017eiti tehnolo\u0161ki nivo koji zahteva globalno okru\u017eenje u svakoj naprednoj i razvijenoj zemlji. Na\u0161a znanja i iskustvo vodi\u0107e kako javna tako i privatna preduze\u0107a od op\u0161teg interesa ka jednom jednostavnom, pouzdanom, brzom, preciznom i uspe\u0161nom partneru u celom spektru pru\u017eenih usluga. Osim toga, mo\u017eemo efikasno raditi na bilo kojem slo\u017eenom upravlja\u010dkom zahtevu, pru\u017eiti jedinstveno iskustvo korisnicima, ispunjavati o\u010dekivanja kako klijenata tako i partnera, kao i poja\u010dati nivoe posve\u0107enosti klijenata.\r\n\t<\/p><\/div>\n\r\n\t\t<\/div>\r\n\t<\/div><\/div><\/div><\/div><div class=\"wpb_column vc_column_container vc_col-sm-6 vc_col-has-fill\"><div class=\"vc_column-inner vc_custom_1694609033340\"><div class=\"wpb_wrapper\">\n\t<div  class=\"wpb_single_image wpb_content_element vc_align_left   txtimg-row-right\">\n\t\t\n\t\t<figure class=\"wpb_wrapper vc_figure\">\n\t\t\t<div class=\"vc_single_image-wrapper   vc_box_border_grey\"><img loading=\"lazy\" decoding=\"async\" width=\"750\" height=\"420\" src=\"https:\/\/www.icapcontactcenter.com\/wp-content\/uploads\/2024\/08\/Utilities-photo2.jpg\" class=\"vc_single_image-img attachment-full\" alt=\"\" title=\"Utilities-photo2\" srcset=\"https:\/\/www.icapcontactcenter.com\/wp-content\/uploads\/2024\/08\/Utilities-photo2.jpg 750w, https:\/\/www.icapcontactcenter.com\/wp-content\/uploads\/2024\/08\/Utilities-photo2-300x168.jpg 300w, https:\/\/www.icapcontactcenter.com\/wp-content\/uploads\/2024\/08\/Utilities-photo2-18x10.jpg 18w, https:\/\/www.icapcontactcenter.com\/wp-content\/uploads\/2024\/08\/Utilities-photo2-600x336.jpg 600w, https:\/\/www.icapcontactcenter.com\/wp-content\/uploads\/2024\/08\/Utilities-photo2-480x269.jpg 480w\" sizes=\"(max-width: 750px) 100vw, 750px\" \/><\/div>\n\t\t<\/figure>\n\t<\/div>\n<\/div><\/div><\/div><\/div><\/section><\/div><div class=\"vc-custom-col-spacing clearfix vc-col-spacing-30\"><section class=\"wpb_row vc_row-fluid equalize sm-equalize-auto vc_custom_1694771037266 vc_row-has-fill no-padding row-content-position-Default row-equal-height\"><div class=\"row-inner clearfix\"><div class=\"wpb_column vc_column_container vc_col-sm-6 vc_col-has-fill\"><div class=\"vc_column-inner vc_custom_1694609095744\"><div class=\"wpb_wrapper\">\n\t<div  class=\"wpb_single_image wpb_content_element vc_align_left   txtimg-row-left\">\n\t\t\n\t\t<figure class=\"wpb_wrapper vc_figure\">\n\t\t\t<div class=\"vc_single_image-wrapper   vc_box_border_grey\"><img loading=\"lazy\" decoding=\"async\" width=\"750\" height=\"420\" src=\"https:\/\/www.icapcontactcenter.com\/wp-content\/uploads\/2023\/09\/Retail-E-Shop-photo.jpg\" class=\"vc_single_image-img attachment-full\" alt=\"\" title=\"Retail-E-Shop-photo\" srcset=\"https:\/\/www.icapcontactcenter.com\/wp-content\/uploads\/2023\/09\/Retail-E-Shop-photo.jpg 750w, https:\/\/www.icapcontactcenter.com\/wp-content\/uploads\/2023\/09\/Retail-E-Shop-photo-300x168.jpg 300w, https:\/\/www.icapcontactcenter.com\/wp-content\/uploads\/2023\/09\/Retail-E-Shop-photo-18x10.jpg 18w, https:\/\/www.icapcontactcenter.com\/wp-content\/uploads\/2023\/09\/Retail-E-Shop-photo-600x336.jpg 600w, https:\/\/www.icapcontactcenter.com\/wp-content\/uploads\/2023\/09\/Retail-E-Shop-photo-480x269.jpg 480w\" sizes=\"(max-width: 750px) 100vw, 750px\" \/><\/div>\n\t\t<\/figure>\n\t<\/div>\n<\/div><\/div><\/div><div class=\"txt-row-right wpb_column vc_column_container vc_col-sm-6\"><div class=\"vc_column-inner\"><div class=\"wpb_wrapper\"><div class=\"wprt-content-box clearfix\" data-padding=\"\" data-mobipadding=\"\" data-margin=\"\" data-mobimargin=\"8%\">\r\n\t\t<div class=\"inner\" style=\"\">\r\n\t\t\t<div class=\"wprt-headings clearfix\"  style=\"\"><h2 class=\"heading clearfix\" style=\"font-weight:700;color:#233167;margin-bottom:5px;\">\r\n\t\tMaloprodaja i E-Shop\r\n\t<\/h2><div class=\"sep  clearfix\" style=\"width:60px;height:3px;background-color:#9ab53f;\"><\/div><p class=\"sub-heading clearfix\" style=\"font-style:normal;font-size:14px;line-height:28px;margin-top:12px;margin-bottom:20px;\">\r\n\t\tPratimo inovativne, moderne i dinami\u010dne ideje koje odgovaraju poslovnim potrebama na\u0161ih partnera. Sa dugogodi\u0161njim partnerstvima sa mnogim organizacijama elektronske trgovine i dubokim razumevanjem potreba klijenata u ovim sektorima, pru\u017eamo \u0161irok spektar omnichannel usluga. Sa nama, mo\u017eete posti\u0107i optimalne rezultate za svoj biznis, kako u pogledu operativnosti, tako i finansijski, nude\u0107i jedinstveno iskustvo va\u0161im kupcima.\r\n\t<\/p><\/div>\n\r\n\t\t<\/div>\r\n\t<\/div><\/div><\/div><\/div><\/div><\/section><\/div><div class=\"vc-custom-col-spacing clearfix vc-col-spacing-30\"><section class=\"wpb_row vc_row-fluid row-content-position-Default\"><div class=\"wprt-container\"><div class=\"row-inner clearfix\"><div class=\"wpb_column vc_column_container vc_col-sm-12\"><div class=\"vc_column-inner\"><div class=\"wpb_wrapper\">\r\n\t<div class=\"wprt-spacer clearfix\" data-desktop=\"100\" data-mobi=\"50\" data-smobi=\"50\"><\/div><\/div><\/div><\/div><\/div><\/div><\/section><\/div><\/section>\n<\/section>","protected":false},"excerpt":{"rendered":"Oblasti specijalizacija Uslu\u017eujemo kompanije i organizacije u svim sektorima i sara\u0111ujemo sa njima kako bismo stvarali trajnu vrednost. Indikativni katalog oblasti specijalizacija: \u03a4elekomunikacije ICAP Kontakt Centar nudi \u0161irok spektar usluga sa izuzetnom efikasno\u0161\u0107u i dodatom vredno\u0161\u0107u u oblasti telekomunikacija. Na\u0161 dugogodi\u0161nji rad i specijalizacija u naprednim tehnologijama poput 5G omogu\u0107avaju nam da pru\u017eamo napredna re\u0161enja koja podr\u017eavaju savremene zahteve tr\u017ei\u0161ta. Na\u0161 multikanalni pristup obuhvata usluge dru\u0161tvenih medija, glasa, \u010deta, video poziva i emailova, postavljaju\u0107i nas kao va\u0161eg strate\u0161kog partnera sa potrebnim rezultatima, smanjenim operativnim tro\u0161kovima, vode\u0107im tehnologijama, pove\u0107anom stopom zadovoljstva korisnika, rastom i uspehom. Bankarstvo Znanje i iskustvo koje imamo u uslugama bankarskih kontaktnih centara \u010dini na\u0161 rad&hellip;","protected":false},"author":2,"featured_media":0,"parent":0,"menu_order":0,"comment_status":"closed","ping_status":"closed","template":"","meta":{"footnotes":""},"_links":{"self":[{"href":"https:\/\/www.icapcontactcenter.com\/sr\/wp-json\/wp\/v2\/pages\/3200"}],"collection":[{"href":"https:\/\/www.icapcontactcenter.com\/sr\/wp-json\/wp\/v2\/pages"}],"about":[{"href":"https:\/\/www.icapcontactcenter.com\/sr\/wp-json\/wp\/v2\/types\/page"}],"author":[{"embeddable":true,"href":"https:\/\/www.icapcontactcenter.com\/sr\/wp-json\/wp\/v2\/users\/2"}],"replies":[{"embeddable":true,"href":"https:\/\/www.icapcontactcenter.com\/sr\/wp-json\/wp\/v2\/comments?post=3200"}],"version-history":[{"count":49,"href":"https:\/\/www.icapcontactcenter.com\/sr\/wp-json\/wp\/v2\/pages\/3200\/revisions"}],"predecessor-version":[{"id":5674,"href":"https:\/\/www.icapcontactcenter.com\/sr\/wp-json\/wp\/v2\/pages\/3200\/revisions\/5674"}],"wp:attachment":[{"href":"https:\/\/www.icapcontactcenter.com\/sr\/wp-json\/wp\/v2\/media?parent=3200"}],"curies":[{"name":"wp","href":"https:\/\/api.w.org\/{rel}","templated":true}]}}