{"id":3408,"date":"2023-07-25T13:12:49","date_gmt":"2023-07-25T10:12:49","guid":{"rendered":"https:\/\/www.icapcontactcenter.com\/?page_id=3408"},"modified":"2024-03-14T17:51:00","modified_gmt":"2024-03-14T14:51:00","slug":"outbound-operations","status":"publish","type":"page","link":"https:\/\/www.icapcontactcenter.com\/sr\/upiresies\/outbound-operations\/","title":{"rendered":"Outbound operacije"},"content":{"rendered":"<section class=\"wpb-content-wrapper\"><section id=\"sr-outbound\" class=\"vc_section\"><div class=\"vc-custom-col-spacing clearfix vc-col-spacing-30\"><section class=\"wpb_row vc_row-fluid row-content-position-Default\"><div class=\"wprt-container\"><div class=\"row-inner clearfix\"><div class=\"wpb_column vc_column_container vc_col-sm-12\"><div class=\"vc_column-inner\"><div class=\"wpb_wrapper\">\r\n\t<div class=\"wprt-spacer clearfix\" data-desktop=\"55\" data-mobi=\"30\" data-smobi=\"30\"><\/div><div class=\"wprt-headings clearfix text-center\"  style=\"\"><h2 class=\"heading clearfix\" style=\"font-weight:700;color:#233167;margin-bottom:3px;\">\r\n\t\tOutbound operacije\r\n\t<\/h2><div class=\"sep  clearfix\" style=\"width:60px;height:3px;background-color:#9ab53f;\"><\/div><p class=\"sub-heading clearfix\" style=\"font-style:normal;color:#233167;font-size:14px;line-height:28px;margin-top:11px;max-width:520px; margin-left: auto; margin-right: auto;\">\r\n\t\tUnapredite prodaju, ja\u010dajte odanost prema va\u0161em brendu i pro\u0161irite svoju klijentsku bazu putem odlaznih funkcija na\u0161eg telefonskog centra.\r\n\t<\/p><\/div>\r\n\t<div class=\"wprt-spacer clearfix\" data-desktop=\"35\" data-mobi=\"35\" data-smobi=\"35\"><\/div>\r\n\t<div class=\"wprt-spacer clearfix\" data-desktop=\"55\" data-mobi=\"30\" data-smobi=\"30\"><\/div><\/div><\/div><\/div><\/div><\/div><\/section><\/div><div class=\"vc-custom-col-spacing clearfix vc-col-spacing-30\"><section class=\"wpb_row vc_row-fluid equalize sm-equalize-auto vc_custom_1694697713963 vc_row-has-fill no-padding row-content-position-Default row-equal-height\"><div class=\"row-inner clearfix\"><div class=\"wpb_column vc_column_container vc_col-sm-6 vc_col-has-fill\"><div class=\"vc_column-inner vc_custom_1694606637818\"><div class=\"wpb_wrapper\">\n\t<div  class=\"wpb_single_image wpb_content_element vc_align_left   txtimg-row-left\">\n\t\t\n\t\t<figure class=\"wpb_wrapper vc_figure\">\n\t\t\t<div class=\"vc_single_image-wrapper   vc_box_border_grey\"><img loading=\"lazy\" decoding=\"async\" width=\"750\" height=\"420\" src=\"https:\/\/www.icapcontactcenter.com\/wp-content\/uploads\/2023\/10\/Loyalty\u2013Retention-photo.png\" class=\"vc_single_image-img attachment-full\" alt=\"\" title=\"Loyalty\u2013Retention-photo\" srcset=\"https:\/\/www.icapcontactcenter.com\/wp-content\/uploads\/2023\/10\/Loyalty\u2013Retention-photo.png 750w, https:\/\/www.icapcontactcenter.com\/wp-content\/uploads\/2023\/10\/Loyalty\u2013Retention-photo-300x168.png 300w, https:\/\/www.icapcontactcenter.com\/wp-content\/uploads\/2023\/10\/Loyalty\u2013Retention-photo-18x10.png 18w, https:\/\/www.icapcontactcenter.com\/wp-content\/uploads\/2023\/10\/Loyalty\u2013Retention-photo-600x336.png 600w, https:\/\/www.icapcontactcenter.com\/wp-content\/uploads\/2023\/10\/Loyalty\u2013Retention-photo-480x269.png 480w\" sizes=\"(max-width: 750px) 100vw, 750px\" \/><\/div>\n\t\t<\/figure>\n\t<\/div>\n<\/div><\/div><\/div><div class=\"txt-row-right wpb_column vc_column_container vc_col-sm-6\"><div class=\"vc_column-inner\"><div class=\"wpb_wrapper\"><div class=\"wprt-content-box clearfix\" data-padding=\"55px 85px\" data-mobipadding=\"\" data-margin=\"\" data-mobimargin=\"8%\">\r\n\t\t<div class=\"inner\" style=\"\">\r\n\t\t\t<div class=\"wprt-headings clearfix\"  style=\"\"><h2 class=\"heading clearfix\" style=\"font-weight:700;color:#233167;margin-bottom:5px;\">\r\n\t\tLoyalty \u2013 Retention \u2013 Sales kampanje\r\n\t<\/h2><div class=\"sep  clearfix\" style=\"width:60px;height:3px;background-color:#9ab53f;\"><\/div><p class=\"sub-heading clearfix\" style=\"font-style:normal;font-size:14px;line-height:28px;margin-top:12px;margin-bottom:20px;\">\r\n\t\tICAP Kontakt Centar isti\u010de se kao lider u oblasti podr\u0161ke korisnicima, nude\u0107i napredne usluge u programima lojalnosti, zadr\u017eavanja i prodaje. Usluga lojalnosti fokusira se na stvaranje sna\u017enih veza izme\u0111u kompanija i klijenata, ja\u010daju\u0107i odanost. U oblasti zadr\u017eavanja, doprinosimo o\u010duvanju va\u0161e klijentele primenom strategija i najboljih praksi koje pobolj\u0161avaju prepoznatljivost va\u0161eg brenda. Dodatno, putem programa prodaje, promovi\u0161emo efikasne i personalizovane kampanje prodaje, pove\u0107avaju\u0107i prodaju i unapre\u0111uju\u0107i konkurentnost va\u0161eg poslovanja.\r\n\t<\/p><\/div>\n\r\n\t\t<\/div>\r\n\t<\/div><\/div><\/div><\/div><\/div><\/section><\/div><div class=\"vc-custom-col-spacing clearfix vc-col-spacing-30\"><section class=\"wpb_row vc_row-fluid equalize sm-equalize-auto vc_custom_1694697737661 vc_row-has-fill no-padding row-content-position-Default row-equal-height\"><div class=\"row-inner clearfix\"><div class=\"txt-row-left wpb_column vc_column_container vc_col-sm-6\"><div class=\"vc_column-inner\"><div class=\"wpb_wrapper\"><div class=\"wprt-content-box clearfix\" data-padding=\"55px 85px\" data-mobipadding=\"\" data-margin=\"\" data-mobimargin=\"8%\">\r\n\t\t<div class=\"inner\" style=\"\">\r\n\t\t\t<div class=\"wprt-headings clearfix\"  style=\"\"><h2 class=\"heading clearfix\" style=\"font-weight:700;color:#233167;margin-bottom:5px;\">\r\n\t\tAkvizicija klijenata\r\n\t<\/h2><div class=\"sep  clearfix\" style=\"width:60px;height:3px;background-color:#9ab53f;\"><\/div><p class=\"sub-heading clearfix\" style=\"font-style:normal;font-size:14px;line-height:28px;margin-top:12px;margin-bottom:20px;\">\r\n\t\tPratimo sve aspekte procesa akvizicije klijenata kroz na\u0161e integralne usluge. Ove usluge uklju\u010duju stvaranje potencijalnih kupaca, efikasno zakazivanje sastanaka, pove\u0107anje klijentelizacije kroz dolazne i odlazne komunikacije, aktivnosti ukr\u0161tenih prodaja i ponovnu aktivaciju, kao i telefonsku komunikaciju. Pored toga, pru\u017eamo specijalizovane usluge poput odabira ciljnih grupa za poslovne subjekte i telefonske komunikacije sa donosiocima odluka. Na\u0161 cilj je va\u0161a apsolutna uspe\u0161nost, nude\u0107i inovativna re\u0161enja i stru\u010dnu podr\u0161ku.\r\n\t<\/p><\/div>\n\r\n\t\t<\/div>\r\n\t<\/div><\/div><\/div><\/div><div class=\"wpb_column vc_column_container vc_col-sm-6 vc_col-has-fill\"><div class=\"vc_column-inner vc_custom_1694606700174\"><div class=\"wpb_wrapper\">\n\t<div  class=\"wpb_single_image wpb_content_element vc_align_left   txtimg-row-right\">\n\t\t\n\t\t<figure class=\"wpb_wrapper vc_figure\">\n\t\t\t<div class=\"vc_single_image-wrapper   vc_box_border_grey\"><img loading=\"lazy\" decoding=\"async\" width=\"750\" height=\"420\" src=\"https:\/\/www.icapcontactcenter.com\/wp-content\/uploads\/2023\/09\/Customer-Acquisition-photo.jpg\" class=\"vc_single_image-img attachment-full\" alt=\"\" title=\"Customer-Acquisition-photo\" srcset=\"https:\/\/www.icapcontactcenter.com\/wp-content\/uploads\/2023\/09\/Customer-Acquisition-photo.jpg 750w, https:\/\/www.icapcontactcenter.com\/wp-content\/uploads\/2023\/09\/Customer-Acquisition-photo-300x168.jpg 300w, https:\/\/www.icapcontactcenter.com\/wp-content\/uploads\/2023\/09\/Customer-Acquisition-photo-18x10.jpg 18w, https:\/\/www.icapcontactcenter.com\/wp-content\/uploads\/2023\/09\/Customer-Acquisition-photo-600x336.jpg 600w, https:\/\/www.icapcontactcenter.com\/wp-content\/uploads\/2023\/09\/Customer-Acquisition-photo-480x269.jpg 480w\" sizes=\"(max-width: 750px) 100vw, 750px\" \/><\/div>\n\t\t<\/figure>\n\t<\/div>\n<\/div><\/div><\/div><\/div><\/section><\/div><div class=\"vc-custom-col-spacing clearfix vc-col-spacing-30\"><section class=\"wpb_row vc_row-fluid row-content-position-Default\"><div class=\"wprt-container\"><div class=\"row-inner clearfix\"><div class=\"wpb_column vc_column_container vc_col-sm-12\"><div class=\"vc_column-inner\"><div class=\"wpb_wrapper\">\r\n\t<div class=\"wprt-spacer clearfix\" data-desktop=\"100\" data-mobi=\"50\" data-smobi=\"50\"><\/div><\/div><\/div><\/div><\/div><\/div><\/section><\/div><\/section>\n<\/section>","protected":false},"excerpt":{"rendered":"Outbound operacije Unapredite prodaju, ja\u010dajte odanost prema va\u0161em brendu i pro\u0161irite svoju klijentsku bazu putem odlaznih funkcija na\u0161eg telefonskog centra. Loyalty \u2013 Retention \u2013 Sales kampanje ICAP Kontakt Centar isti\u010de se kao lider u oblasti podr\u0161ke korisnicima, nude\u0107i napredne usluge u programima lojalnosti, zadr\u017eavanja i prodaje. Usluga lojalnosti fokusira se na stvaranje sna\u017enih veza izme\u0111u kompanija i klijenata, ja\u010daju\u0107i odanost. U oblasti zadr\u017eavanja, doprinosimo o\u010duvanju va\u0161e klijentele primenom strategija i najboljih praksi koje pobolj\u0161avaju prepoznatljivost va\u0161eg brenda. Dodatno, putem programa prodaje, promovi\u0161emo efikasne i personalizovane kampanje prodaje, pove\u0107avaju\u0107i prodaju i unapre\u0111uju\u0107i konkurentnost va\u0161eg poslovanja. Akvizicija klijenata Pratimo sve aspekte procesa akvizicije klijenata kroz na\u0161e integralne usluge. Ove usluge&hellip;","protected":false},"author":2,"featured_media":0,"parent":3416,"menu_order":0,"comment_status":"closed","ping_status":"closed","template":"","meta":{"footnotes":""},"_links":{"self":[{"href":"https:\/\/www.icapcontactcenter.com\/sr\/wp-json\/wp\/v2\/pages\/3408"}],"collection":[{"href":"https:\/\/www.icapcontactcenter.com\/sr\/wp-json\/wp\/v2\/pages"}],"about":[{"href":"https:\/\/www.icapcontactcenter.com\/sr\/wp-json\/wp\/v2\/types\/page"}],"author":[{"embeddable":true,"href":"https:\/\/www.icapcontactcenter.com\/sr\/wp-json\/wp\/v2\/users\/2"}],"replies":[{"embeddable":true,"href":"https:\/\/www.icapcontactcenter.com\/sr\/wp-json\/wp\/v2\/comments?post=3408"}],"version-history":[{"count":33,"href":"https:\/\/www.icapcontactcenter.com\/sr\/wp-json\/wp\/v2\/pages\/3408\/revisions"}],"predecessor-version":[{"id":5518,"href":"https:\/\/www.icapcontactcenter.com\/sr\/wp-json\/wp\/v2\/pages\/3408\/revisions\/5518"}],"up":[{"embeddable":true,"href":"https:\/\/www.icapcontactcenter.com\/sr\/wp-json\/wp\/v2\/pages\/3416"}],"wp:attachment":[{"href":"https:\/\/www.icapcontactcenter.com\/sr\/wp-json\/wp\/v2\/media?parent=3408"}],"curies":[{"name":"wp","href":"https:\/\/api.w.org\/{rel}","templated":true}]}}