{"id":3410,"date":"2023-07-25T13:14:49","date_gmt":"2023-07-25T10:14:49","guid":{"rendered":"https:\/\/www.icapcontactcenter.com\/?page_id=3410"},"modified":"2024-08-02T22:27:46","modified_gmt":"2024-08-02T19:27:46","slug":"non-voice-operations","status":"publish","type":"page","link":"https:\/\/www.icapcontactcenter.com\/sr\/upiresies\/non-voice-operations\/","title":{"rendered":"Nevokalne funkcije"},"content":{"rendered":"<section class=\"wpb-content-wrapper\"><section id=\"sr-voiceop\" class=\"vc_section\"><div class=\"vc-custom-col-spacing clearfix vc-col-spacing-30\"><section class=\"wpb_row vc_row-fluid row-content-position-Default\"><div class=\"wprt-container\"><div class=\"row-inner clearfix\"><div class=\"wpb_column vc_column_container vc_col-sm-12\"><div class=\"vc_column-inner\"><div class=\"wpb_wrapper\">\r\n\t<div class=\"wprt-spacer clearfix\" data-desktop=\"55\" data-mobi=\"30\" data-smobi=\"30\"><\/div><div class=\"wprt-headings clearfix text-center\"  style=\"\"><h2 class=\"heading clearfix\" style=\"font-weight:700;color:#233167;margin-bottom:3px;\">\r\n\t\tNevokalne operacije\r\n\t<\/h2><div class=\"sep  clearfix\" style=\"width:60px;height:3px;background-color:#9ab53f;\"><\/div><p class=\"sub-heading clearfix\" style=\"font-style:normal;color:#233167;font-size:14px;line-height:28px;margin-top:11px;max-width:520px; margin-left: auto; margin-right: auto;\">\r\n\t\tPobolj\u0161ajte neometanu i efikasnu podr\u0161ku va\u0161im klijentima putem inovativnih kanala komunikacije nevokalnih operacija.\r\n\t<\/p><\/div>\r\n\t<div class=\"wprt-spacer clearfix\" data-desktop=\"35\" data-mobi=\"35\" data-smobi=\"35\"><\/div>\r\n\t<div class=\"wprt-spacer clearfix\" data-desktop=\"55\" data-mobi=\"30\" data-smobi=\"30\"><\/div><\/div><\/div><\/div><\/div><\/div><\/section><\/div><div class=\"vc-custom-col-spacing clearfix vc-col-spacing-30\"><section class=\"wpb_row vc_row-fluid equalize sm-equalize-auto vc_custom_1694698645886 vc_row-has-fill no-padding row-content-position-Default row-equal-height\"><div class=\"row-inner clearfix\"><div class=\"wpb_column vc_column_container vc_col-sm-6 vc_col-has-fill\"><div class=\"vc_column-inner vc_custom_1694606993775\"><div class=\"wpb_wrapper\">\n\t<div  class=\"wpb_single_image wpb_content_element vc_align_left   txtimg-row-left\">\n\t\t\n\t\t<figure class=\"wpb_wrapper vc_figure\">\n\t\t\t<div class=\"vc_single_image-wrapper   vc_box_border_grey\"><img loading=\"lazy\" decoding=\"async\" width=\"750\" height=\"420\" src=\"https:\/\/www.icapcontactcenter.com\/wp-content\/uploads\/2024\/08\/Email-Handling-photo2.jpg\" class=\"vc_single_image-img attachment-full\" alt=\"\" title=\"Email-Handling-photo2\" srcset=\"https:\/\/www.icapcontactcenter.com\/wp-content\/uploads\/2024\/08\/Email-Handling-photo2.jpg 750w, https:\/\/www.icapcontactcenter.com\/wp-content\/uploads\/2024\/08\/Email-Handling-photo2-300x168.jpg 300w, https:\/\/www.icapcontactcenter.com\/wp-content\/uploads\/2024\/08\/Email-Handling-photo2-18x10.jpg 18w, https:\/\/www.icapcontactcenter.com\/wp-content\/uploads\/2024\/08\/Email-Handling-photo2-600x336.jpg 600w, https:\/\/www.icapcontactcenter.com\/wp-content\/uploads\/2024\/08\/Email-Handling-photo2-480x269.jpg 480w\" sizes=\"(max-width: 750px) 100vw, 750px\" \/><\/div>\n\t\t<\/figure>\n\t<\/div>\n<\/div><\/div><\/div><div class=\"txt-row-right wpb_column vc_column_container vc_col-sm-6\"><div class=\"vc_column-inner\"><div class=\"wpb_wrapper\"><div class=\"wprt-content-box clearfix\" data-padding=\"55px 85px\" data-mobipadding=\"\" data-margin=\"\" data-mobimargin=\"8%\">\r\n\t\t<div class=\"inner\" style=\"\">\r\n\t\t\t<div class=\"wprt-headings clearfix\"  style=\"\"><h2 class=\"heading clearfix\" style=\"font-weight:700;color:#233167;margin-bottom:5px;\">\r\n\t\tUpravljanje elektronskom po\u0161tom\r\n\t<\/h2><div class=\"sep  clearfix\" style=\"width:60px;height:3px;background-color:#9ab53f;\"><\/div><p class=\"sub-heading clearfix\" style=\"font-style:normal;font-size:14px;line-height:28px;margin-top:12px;margin-bottom:20px;\">\r\n\t\tNa\u0161i iskusni predstavnici preuzimaju upravljanje elektronskim komunikacijama, obezbe\u0111uju\u0107i brzi odgovor i pru\u017eanje podr\u0161ke za svako pitanje i potrebu va\u0161ih klijenata, \u0161tede\u0107i vreme i resurse. Sa nama, upravljanje elektronskom po\u0161tom postaje jednostavno, pouzdano i efikasno, posti\u017eu\u0107i visoke performanse.\r\n\t<\/p><\/div>\n\r\n\t\t<\/div>\r\n\t<\/div><\/div><\/div><\/div><\/div><\/section><\/div><div class=\"vc-custom-col-spacing clearfix vc-col-spacing-30\"><section class=\"wpb_row vc_row-fluid equalize sm-equalize-auto vc_custom_1694698663770 vc_row-has-fill no-padding row-content-position-Default row-equal-height\"><div class=\"row-inner clearfix\"><div class=\"txt-row-left wpb_column vc_column_container vc_col-sm-6\"><div class=\"vc_column-inner\"><div class=\"wpb_wrapper\"><div class=\"wprt-content-box clearfix\" data-padding=\"55px 85px\" data-mobipadding=\"\" data-margin=\"\" data-mobimargin=\"8%\">\r\n\t\t<div class=\"inner\" style=\"\">\r\n\t\t\t<div class=\"wprt-headings clearfix\"  style=\"\"><h2 class=\"heading clearfix\" style=\"font-weight:700;color:#233167;margin-bottom:5px;\">\r\n\t\tLive chat - Chat Bot\r\n\t<\/h2><div class=\"sep  clearfix\" style=\"width:60px;height:3px;background-color:#9ab53f;\"><\/div><p class=\"sub-heading clearfix\" style=\"font-style:normal;font-size:14px;line-height:28px;margin-top:12px;margin-bottom:20px;\">\r\n\t\tRazgovor putem Live Chat-a i Chat Bot-a unapre\u0111uje komunikaciju sa va\u0161im klijentima. Na\u0161i predstavnici odgovaraju odmah i efikasno na Live Chat, dok Chat Bot pru\u017ea automatizovana re\u0161enja za brzo re\u0161avanje uobi\u010dajenih problema. Kroz ovu uslugu, osloba\u0111ate dragoceno vreme i resurse, pru\u017eaju\u0107i neuporedivu podr\u0161ku va\u0161im klijentima.\r\n\t<\/p><\/div>\n\r\n\t\t<\/div>\r\n\t<\/div><\/div><\/div><\/div><div class=\"wpb_column vc_column_container vc_col-sm-6 vc_col-has-fill\"><div class=\"vc_column-inner vc_custom_1694607078162\"><div class=\"wpb_wrapper\">\n\t<div  class=\"wpb_single_image wpb_content_element vc_align_left   txtimg-row-right\">\n\t\t\n\t\t<figure class=\"wpb_wrapper vc_figure\">\n\t\t\t<div class=\"vc_single_image-wrapper   vc_box_border_grey\"><img loading=\"lazy\" decoding=\"async\" width=\"750\" height=\"420\" src=\"https:\/\/www.icapcontactcenter.com\/wp-content\/uploads\/2024\/08\/Live-Chat-Chat-Bot-photo2.jpg\" class=\"vc_single_image-img attachment-full\" alt=\"\" title=\"Live-Chat-Chat-Bot-photo2\" srcset=\"https:\/\/www.icapcontactcenter.com\/wp-content\/uploads\/2024\/08\/Live-Chat-Chat-Bot-photo2.jpg 750w, https:\/\/www.icapcontactcenter.com\/wp-content\/uploads\/2024\/08\/Live-Chat-Chat-Bot-photo2-300x168.jpg 300w, https:\/\/www.icapcontactcenter.com\/wp-content\/uploads\/2024\/08\/Live-Chat-Chat-Bot-photo2-18x10.jpg 18w, https:\/\/www.icapcontactcenter.com\/wp-content\/uploads\/2024\/08\/Live-Chat-Chat-Bot-photo2-600x336.jpg 600w, https:\/\/www.icapcontactcenter.com\/wp-content\/uploads\/2024\/08\/Live-Chat-Chat-Bot-photo2-480x269.jpg 480w\" sizes=\"(max-width: 750px) 100vw, 750px\" \/><\/div>\n\t\t<\/figure>\n\t<\/div>\n<\/div><\/div><\/div><\/div><\/section><\/div><div class=\"vc-custom-col-spacing clearfix vc-col-spacing-30\"><section class=\"wpb_row vc_row-fluid equalize sm-equalize-auto vc_custom_1694698676286 vc_row-has-fill no-padding row-content-position-Default row-equal-height\"><div class=\"row-inner clearfix\"><div class=\"wpb_column vc_column_container vc_col-sm-6 vc_col-has-fill\"><div class=\"vc_column-inner vc_custom_1694607133190\"><div class=\"wpb_wrapper\">\n\t<div  class=\"wpb_single_image wpb_content_element vc_align_left   txtimg-row-left\">\n\t\t\n\t\t<figure class=\"wpb_wrapper vc_figure\">\n\t\t\t<div class=\"vc_single_image-wrapper   vc_box_border_grey\"><img loading=\"lazy\" decoding=\"async\" width=\"750\" height=\"420\" src=\"https:\/\/www.icapcontactcenter.com\/wp-content\/uploads\/2024\/08\/Social-Media-photo2.jpg\" class=\"vc_single_image-img attachment-full\" alt=\"\" title=\"Social-Media-photo2\" srcset=\"https:\/\/www.icapcontactcenter.com\/wp-content\/uploads\/2024\/08\/Social-Media-photo2.jpg 750w, https:\/\/www.icapcontactcenter.com\/wp-content\/uploads\/2024\/08\/Social-Media-photo2-300x168.jpg 300w, https:\/\/www.icapcontactcenter.com\/wp-content\/uploads\/2024\/08\/Social-Media-photo2-18x10.jpg 18w, https:\/\/www.icapcontactcenter.com\/wp-content\/uploads\/2024\/08\/Social-Media-photo2-600x336.jpg 600w, https:\/\/www.icapcontactcenter.com\/wp-content\/uploads\/2024\/08\/Social-Media-photo2-480x269.jpg 480w\" sizes=\"(max-width: 750px) 100vw, 750px\" \/><\/div>\n\t\t<\/figure>\n\t<\/div>\n<\/div><\/div><\/div><div class=\"txt-row-right wpb_column vc_column_container vc_col-sm-6\"><div class=\"vc_column-inner\"><div class=\"wpb_wrapper\"><div class=\"wprt-content-box clearfix\" data-padding=\"55px 85px\" data-mobipadding=\"\" data-margin=\"\" data-mobimargin=\"8%\">\r\n\t\t<div class=\"inner\" style=\"\">\r\n\t\t\t<div class=\"wprt-headings clearfix\"  style=\"\"><h2 class=\"heading clearfix\" style=\"font-weight:700;color:#233167;margin-bottom:5px;\">\r\n\t\tDru\u0161tvene mre\u017ee\r\n\t<\/h2><div class=\"sep  clearfix\" style=\"width:60px;height:3px;background-color:#9ab53f;\"><\/div><p class=\"sub-heading clearfix\" style=\"font-style:normal;font-size:14px;line-height:28px;margin-top:12px;margin-bottom:20px;\">\r\n\t\tUsluga korisni\u010dke podr\u0161ke putem dru\u0161tvenih mre\u017ea predstavlja najprikladnije re\u0161enje za one koji koriste ove platforme. Na\u0161i specijalizovani predstavnici odgovaraju odmah na pitanja va\u0161ih klijenata, savr\u0161eno kombinuju\u0107i stru\u010dnost sa ljudskim pristupom. Na ovaj na\u010din obezbe\u0111ujemo visok nivo podr\u0161ke koji ne samo da zadovoljava, ve\u0107 i prevazilazi o\u010dekivanja va\u0161ih klijenata.\r\n\t<\/p><\/div>\n\r\n\t\t<\/div>\r\n\t<\/div><\/div><\/div><\/div><\/div><\/section><\/div><div class=\"vc-custom-col-spacing clearfix vc-col-spacing-30\"><section class=\"wpb_row vc_row-fluid row-content-position-Default\"><div class=\"wprt-container\"><div class=\"row-inner clearfix\"><div class=\"wpb_column vc_column_container vc_col-sm-12\"><div class=\"vc_column-inner\"><div class=\"wpb_wrapper\">\r\n\t<div class=\"wprt-spacer clearfix\" data-desktop=\"100\" data-mobi=\"50\" data-smobi=\"50\"><\/div><\/div><\/div><\/div><\/div><\/div><\/section><\/div><\/section>\n<\/section>","protected":false},"excerpt":{"rendered":"Nevokalne operacije Pobolj\u0161ajte neometanu i efikasnu podr\u0161ku va\u0161im klijentima putem inovativnih kanala komunikacije nevokalnih operacija. Upravljanje elektronskom po\u0161tom Na\u0161i iskusni predstavnici preuzimaju upravljanje elektronskim komunikacijama, obezbe\u0111uju\u0107i brzi odgovor i pru\u017eanje podr\u0161ke za svako pitanje i potrebu va\u0161ih klijenata, \u0161tede\u0107i vreme i resurse. Sa nama, upravljanje elektronskom po\u0161tom postaje jednostavno, pouzdano i efikasno, posti\u017eu\u0107i visoke performanse. Live chat - Chat Bot Razgovor putem Live Chat-a i Chat Bot-a unapre\u0111uje komunikaciju sa va\u0161im klijentima. Na\u0161i predstavnici odgovaraju odmah i efikasno na Live Chat, dok Chat Bot pru\u017ea automatizovana re\u0161enja za brzo re\u0161avanje uobi\u010dajenih problema. Kroz ovu uslugu, osloba\u0111ate dragoceno vreme i resurse, pru\u017eaju\u0107i neuporedivu podr\u0161ku va\u0161im klijentima. Dru\u0161tvene mre\u017ee Usluga&hellip;","protected":false},"author":2,"featured_media":0,"parent":3416,"menu_order":0,"comment_status":"closed","ping_status":"closed","template":"","meta":{"footnotes":""},"_links":{"self":[{"href":"https:\/\/www.icapcontactcenter.com\/sr\/wp-json\/wp\/v2\/pages\/3410"}],"collection":[{"href":"https:\/\/www.icapcontactcenter.com\/sr\/wp-json\/wp\/v2\/pages"}],"about":[{"href":"https:\/\/www.icapcontactcenter.com\/sr\/wp-json\/wp\/v2\/types\/page"}],"author":[{"embeddable":true,"href":"https:\/\/www.icapcontactcenter.com\/sr\/wp-json\/wp\/v2\/users\/2"}],"replies":[{"embeddable":true,"href":"https:\/\/www.icapcontactcenter.com\/sr\/wp-json\/wp\/v2\/comments?post=3410"}],"version-history":[{"count":41,"href":"https:\/\/www.icapcontactcenter.com\/sr\/wp-json\/wp\/v2\/pages\/3410\/revisions"}],"predecessor-version":[{"id":5637,"href":"https:\/\/www.icapcontactcenter.com\/sr\/wp-json\/wp\/v2\/pages\/3410\/revisions\/5637"}],"up":[{"embeddable":true,"href":"https:\/\/www.icapcontactcenter.com\/sr\/wp-json\/wp\/v2\/pages\/3416"}],"wp:attachment":[{"href":"https:\/\/www.icapcontactcenter.com\/sr\/wp-json\/wp\/v2\/media?parent=3410"}],"curies":[{"name":"wp","href":"https:\/\/api.w.org\/{rel}","templated":true}]}}