{"id":3416,"date":"2023-07-25T13:18:33","date_gmt":"2023-07-25T10:18:33","guid":{"rendered":"https:\/\/www.icapcontactcenter.com\/?page_id=3416"},"modified":"2025-07-21T17:17:46","modified_gmt":"2025-07-21T14:17:46","slug":"upiresies","status":"publish","type":"page","link":"https:\/\/www.icapcontactcenter.com\/sr\/upiresies\/","title":{"rendered":"Usluge"},"content":{"rendered":"<section class=\"wpb-content-wrapper\"><section id=\"sr-services\" class=\"vc_section\"><div class=\"vc-custom-col-spacing clearfix vc-col-spacing-30\"><section class=\"wpb_row vc_row-fluid row-content-position-Default\"><div class=\"wprt-container\"><div class=\"row-inner clearfix\"><div class=\"wpb_column vc_column_container vc_col-sm-12\"><div class=\"vc_column-inner\"><div class=\"wpb_wrapper\">\r\n\t<div class=\"wprt-spacer clearfix\" data-desktop=\"96\" data-mobi=\"60\" data-smobi=\"60\"><\/div><div class=\"wprt-content-box clearfix\" ><div class=\"vc-custom-col-inner-spacing clearfix vc-col-inner-spacing-30\"><div class=\"wpb_row vc_inner vc_row-fluid\"><div class=\"wpb_column vc_column_container vc_col-sm-4\"><div class=\"vc_column-inner\"><div class=\"wpb_wrapper\"><div class=\"wprt-icon-box clearfix icon-left w60 accent-bg align-left  has-width\"><div class=\"image-wrap\" style=\"\">\r\n\t\t\t\t<img decoding=\"async\" alt=\"image\" src=\"https:\/\/www.icapcontactcenter.com\/wp-content\/uploads\/2023\/07\/inbound.png\">\r\n\t\t\t<\/div> <h3 class=\"heading\" style=\"padding-left:95px;font-size:16px;margin-bottom:11px;\">\r\n\t\t<a target=\"_blank\" href=\"\/sr\/inbound-operations\/\">\r\n\t\t\t<span>Inbound operacije<\/span>\r\n\t\t<\/a>\r\n\t<\/h3><p class=\"desc\" style=\"padding-left:95px;\">\r\n\t\t<span>ICAP Contact Center investira u aktivnosti call centra za usluge korisnicima.<\/span>\r\n\t<\/p><\/div>\r\n\t<div class=\"wprt-spacer clearfix\" data-desktop=\"65\" data-mobi=\"35\" data-smobi=\"35\"><\/div><\/div><\/div><\/div><div class=\"wpb_column vc_column_container vc_col-sm-4\"><div class=\"vc_column-inner\"><div class=\"wpb_wrapper\"><div class=\"wprt-icon-box clearfix icon-left w60 accent-bg align-left  has-width\"><div class=\"image-wrap\" style=\"\">\r\n\t\t\t\t<img decoding=\"async\" alt=\"image\" src=\"https:\/\/www.icapcontactcenter.com\/wp-content\/uploads\/2023\/07\/outbound.png\">\r\n\t\t\t<\/div> <h3 class=\"heading\" style=\"padding-left:95px;font-size:16px;margin-bottom:11px;\">\r\n\t\t<a target=\"_blank\" href=\"\/sr\/outbound-operations\/\">\r\n\t\t\t<span>Outbound operacije<\/span>\r\n\t\t<\/a>\r\n\t<\/h3><p class=\"desc\" style=\"padding-left:95px;\">\r\n\t\t<span>Klijenti su podr\u017eani od strane tima stru\u010dnjaka koji im mogu pomo\u0107i u svakom aspektu.<\/span>\r\n\t<\/p><\/div>\r\n\t<div class=\"wprt-spacer clearfix\" data-desktop=\"65\" data-mobi=\"35\" data-smobi=\"35\"><\/div><\/div><\/div><\/div><div class=\"wpb_column vc_column_container vc_col-sm-4\"><div class=\"vc_column-inner\"><div class=\"wpb_wrapper\"><div class=\"wprt-icon-box clearfix icon-left w60 accent-bg align-left  has-width\"><div class=\"image-wrap\" style=\"\">\r\n\t\t\t\t<img decoding=\"async\" alt=\"image\" src=\"https:\/\/www.icapcontactcenter.com\/wp-content\/uploads\/2023\/07\/non-voice.png\">\r\n\t\t\t<\/div> <h3 class=\"heading\" style=\"padding-left:95px;font-size:16px;margin-bottom:11px;\">\r\n\t\t<a target=\"_blank\" href=\"\/sr\/non-voice-operations\/\">\r\n\t\t\t<span>Nevokalne operacije<\/span>\r\n\t\t<\/a>\r\n\t<\/h3><p class=\"desc\" style=\"padding-left:95px;\">\r\n\t\t<span>Pove\u0107ajte besprekornu i efikasnu podr\u0161ku va\u0161im korisnicima, kroz inovativne funkcije Kanala nevokalne komunikacije.<\/span>\r\n\t<\/p><\/div>\r\n\t<div class=\"wprt-spacer clearfix\" data-desktop=\"65\" data-mobi=\"35\" data-smobi=\"35\"><\/div><\/div><\/div><\/div><\/div><\/div><\/div>\r\n\t<div class=\"wprt-spacer clearfix\" data-desktop=\"100\" data-mobi=\"50\" data-smobi=\"50\"><\/div><\/div><\/div><\/div><\/div><\/div><\/section><\/div><\/section>\n<\/section>","protected":false},"excerpt":{"rendered":"Inbound operacije ICAP Contact Center investira u aktivnosti call centra za usluge korisnicima. Outbound operacije Klijenti su podr\u017eani od strane tima stru\u010dnjaka koji im mogu pomo\u0107i u svakom aspektu. Nevokalne operacije Pove\u0107ajte besprekornu i efikasnu podr\u0161ku va\u0161im korisnicima, kroz inovativne funkcije Kanala nevokalne komunikacije.","protected":false},"author":2,"featured_media":0,"parent":0,"menu_order":0,"comment_status":"closed","ping_status":"closed","template":"","meta":{"footnotes":""},"_links":{"self":[{"href":"https:\/\/www.icapcontactcenter.com\/sr\/wp-json\/wp\/v2\/pages\/3416"}],"collection":[{"href":"https:\/\/www.icapcontactcenter.com\/sr\/wp-json\/wp\/v2\/pages"}],"about":[{"href":"https:\/\/www.icapcontactcenter.com\/sr\/wp-json\/wp\/v2\/types\/page"}],"author":[{"embeddable":true,"href":"https:\/\/www.icapcontactcenter.com\/sr\/wp-json\/wp\/v2\/users\/2"}],"replies":[{"embeddable":true,"href":"https:\/\/www.icapcontactcenter.com\/sr\/wp-json\/wp\/v2\/comments?post=3416"}],"version-history":[{"count":42,"href":"https:\/\/www.icapcontactcenter.com\/sr\/wp-json\/wp\/v2\/pages\/3416\/revisions"}],"predecessor-version":[{"id":5895,"href":"https:\/\/www.icapcontactcenter.com\/sr\/wp-json\/wp\/v2\/pages\/3416\/revisions\/5895"}],"wp:attachment":[{"href":"https:\/\/www.icapcontactcenter.com\/sr\/wp-json\/wp\/v2\/media?parent=3416"}],"curies":[{"name":"wp","href":"https:\/\/api.w.org\/{rel}","templated":true}]}}