{"id":3784,"date":"2023-08-23T12:30:23","date_gmt":"2023-08-23T09:30:23","guid":{"rendered":"https:\/\/www.icapcontactcenter.com\/?page_id=3784"},"modified":"2025-02-03T15:52:15","modified_gmt":"2025-02-03T12:52:15","slug":"sxetika-me-emas","status":"publish","type":"page","link":"https:\/\/www.icapcontactcenter.com\/sr\/sxetika-me-emas\/","title":{"rendered":"O nama"},"content":{"rendered":"<section class=\"wpb-content-wrapper\"><section id=\"sr-about\" class=\"vc_section\"><div class=\"vc-custom-col-spacing clearfix vc-col-spacing-30\"><section class=\"wpb_row vc_row-fluid row-content-position-Default\"><div class=\"wprt-container\"><div class=\"row-inner clearfix\"><div class=\"wpb_column vc_column_container vc_col-sm-12\"><div class=\"vc_column-inner\"><div class=\"wpb_wrapper\">\r\n\t<div class=\"wprt-spacer clearfix\" data-desktop=\"55\" data-mobi=\"30\" data-smobi=\"30\"><\/div><div class=\"wprt-headings clearfix text-center\"  style=\"\"><h2 class=\"heading clearfix\" style=\"font-weight:700;color:#233167;margin-bottom:3px;\">\r\n\t\tO nama\r\n\t<\/h2><div class=\"sep  clearfix\" style=\"width:60px;height:3px;background-color:#9ab53f;\"><\/div><\/div>\r\n\t<div class=\"wprt-spacer clearfix\" data-desktop=\"55\" data-mobi=\"30\" data-smobi=\"30\"><\/div><\/div><\/div><\/div><\/div><\/div><\/section><\/div><div class=\"vc-custom-col-spacing clearfix vc-col-spacing-30\"><section class=\"wpb_row vc_row-fluid about no-padding row-content-position-Default row-equal-height\"><div class=\"row-inner clearfix\"><div class=\"slider-who wpb_column vc_column_container vc_col-sm-6 vc_col-has-fill\"><div class=\"vc_column-inner vc_custom_1694604884125\"><div class=\"wpb_wrapper\">\n\t<div  class=\"wpb_single_image wpb_content_element vc_align_left   txtimg-row-left\">\n\t\t\n\t\t<figure class=\"wpb_wrapper vc_figure\">\n\t\t\t<div class=\"vc_single_image-wrapper   vc_box_border_grey\"><img loading=\"lazy\" decoding=\"async\" width=\"750\" height=\"420\" src=\"https:\/\/www.icapcontactcenter.com\/wp-content\/uploads\/2023\/09\/Poioi-Eimaste-photo.jpg\" class=\"vc_single_image-img attachment-full\" alt=\"\" title=\"Poioi-Eimaste-photo\" srcset=\"https:\/\/www.icapcontactcenter.com\/wp-content\/uploads\/2023\/09\/Poioi-Eimaste-photo.jpg 750w, https:\/\/www.icapcontactcenter.com\/wp-content\/uploads\/2023\/09\/Poioi-Eimaste-photo-300x168.jpg 300w, https:\/\/www.icapcontactcenter.com\/wp-content\/uploads\/2023\/09\/Poioi-Eimaste-photo-18x10.jpg 18w, https:\/\/www.icapcontactcenter.com\/wp-content\/uploads\/2023\/09\/Poioi-Eimaste-photo-600x336.jpg 600w, https:\/\/www.icapcontactcenter.com\/wp-content\/uploads\/2023\/09\/Poioi-Eimaste-photo-480x269.jpg 480w\" sizes=\"(max-width: 750px) 100vw, 750px\" \/><\/div>\n\t\t<\/figure>\n\t<\/div>\n<\/div><\/div><\/div><div class=\"txt-row-right wpb_column vc_column_container vc_col-sm-6\"><div class=\"vc_column-inner\"><div class=\"wpb_wrapper\"><div class=\"wprt-content-box clearfix\" data-padding=\"\" data-mobipadding=\"\" data-margin=\"\" data-mobimargin=\"\">\r\n\t\t<div class=\"inner\" style=\"\">\r\n\t\t\t<div class=\"wprt-headings clearfix\" data-font=\"31\" style=\"\"><h2 class=\"heading clearfix\" style=\"font-weight:700;color:#233167;margin-bottom:5px;font-size:31px;\">\r\n\t\tKo smo mi\r\n\t<\/h2><div class=\"sep  clearfix\" style=\"width:60px;height:3px;background-color:#9ab53f;\"><\/div><\/div>\n\t<div class=\"wpb_text_column wpb_content_element  vc_custom_1710415793672\" id=\"text-new\">\n\t\t<div class=\"wpb_wrapper\">\n\t\t\t<p>ICAP Kontakt Centar osnovan je 1999. i pru\u017ea usluge visokog nivoa u oblasti komunikacija i prodaje. Zapo\u0161ljavamo preko 1.200 obu\u010denih zaposlenih i utvr\u0111eni smo kao jedno od najuspe\u0161nijih brzorastu\u0107ih preduze\u0107a u oblasti kontakt centra, pro\u0161iruju\u0107i prisustvo na\u0161e kompanije na gr\u010dkom i evropskom tr\u017ei\u0161tu.<\/p>\n<p>Imamo napredne sisteme za neprekidan rad na\u0161eg kontakt centra 24\/7, kao i moderne multikanalne platforme koje obezbe\u0111uju brz odgovor i izuzetno iskustvo za na\u0161e klijente. Sa modernim infrastrukturama obezbe\u0111ujemo bezbednost, kvalitet i efikasnost na\u0161ih usluga.<\/p>\n<p>Stremimo ka dugoro\u010dnim i uspe\u0161nim saradnjama, odr\u017eavaju\u0107i odnose u kojima sve strane dobijaju.<\/p>\n<p>ICAP Kontakt Centar je \u010dlan <a href=\"https:\/\/icap-outsourcing.com\/\" rel=\"nofollow noopener\" target=\"_blank\">ICAP Outsourcing Solutions<\/a>, jedne od vode\u0107ih grupacija za pru\u017eanje poslovnih usluga.<\/p>\n\n\t\t<\/div>\n\t<\/div>\n\r\n\t\t<\/div>\r\n\t<\/div><\/div><\/div><\/div><\/div><\/section><\/div><div class=\"vc-custom-col-spacing clearfix vc-col-spacing-30\"><section class=\"wpb_row vc_row-fluid no-padding row-content-position-Default row-equal-height\"><div class=\"row-inner clearfix\"><div class=\"txt-row-left wpb_column vc_column_container vc_col-sm-6\"><div class=\"vc_column-inner\"><div class=\"wpb_wrapper\"><div class=\"wprt-content-box clearfix\" data-padding=\"\" data-mobipadding=\"\" data-margin=\"\" data-mobimargin=\"\">\r\n\t\t<div class=\"inner\" style=\"\">\r\n\t\t\t<div class=\"wprt-headings clearfix\" data-font=\"31\" style=\"\"><h2 class=\"heading clearfix\" style=\"font-weight:700;color:#233167;margin-bottom:5px;font-size:31px;\">\r\n\t\tSertifikati\r\n\t<\/h2><div class=\"sep  clearfix\" style=\"width:60px;height:2px;background-color:#9ab53f;\"><\/div><p class=\"sub-heading clearfix\" style=\"font-style:normal;font-size:14px;line-height:28px;margin-top:12px;margin-bottom:20px;\">\r\n\t\tU ICAP Kontakt Centru, kao \u010dlanu Grupe ICAP Outsourcing Solutions, stavljamo akcenat na efikasnu primenu procesa koji obezbe\u0111uju uskla\u0111enost sa najboljim praksama, pobolj\u0161avaju\u0107i efikasnost na\u0161ih procedura, \u0161tite \u017eivotnu sredinu, garantuju bezbednost zaposlenih, kao i podataka i pripremaju kompaniju za suo\u010davanje sa krizama.<\/p>\n<p>Implementacijom niza sertifikacija obezbe\u0111ujemo kvalitetne i sigurne usluge za na\u0161e klijente, istovremeno ja\u010daju\u0107i na\u0161u odr\u017eivost i konkurentske prednosti.\r\n\t<\/p><\/div>\n\t<div class=\"wpb_text_column wpb_content_element\" >\n\t\t<div class=\"wpb_wrapper\">\n\t\t\t<p><a href=\"https:\/\/icap-outsourcing.com\/wp-content\/uploads\/2024\/02\/ICAP-OUTSOURCING-SOLUTIONS-9001-EN.pdf\" rel=\"nofollow noopener\" target=\"_blank\"><strong>ISO 9001:2015 Upravljanje kvalitetom<\/strong><\/a><br \/>\n<a href=\"https:\/\/icap-outsourcing.com\/wp-content\/uploads\/2024\/02\/ICAP-OUTSOURCING-14001-EN.pdf\" rel=\"nofollow noopener\" target=\"_blank\"><strong>ISO 14001:2015 Upravljanje \u017eivotnom sredinom<\/strong><\/a><br \/>\n<a href=\"https:\/\/icap-outsourcing.com\/wp-content\/uploads\/2024\/02\/ICAP-OUTSOURCING-45001-EN.pdf\" rel=\"nofollow noopener\" target=\"_blank\"><strong>ISO 45001:2018 Upravljanje zdravljem i bezbedno\u0161\u0107u na radu<\/strong><\/a><br \/>\n<a href=\"https:\/\/icap-outsourcing.com\/wp-content\/uploads\/2024\/02\/ICAP-OUTSOURCING-HEAD-27001-EN.pdf\" rel=\"nofollow noopener\" target=\"_blank\"><strong>ISO 27001:2013 Upravljanje bezbedno\u0161\u0107u informacija<\/strong><\/a><br \/>\n<a href=\"https:\/\/icap-outsourcing.com\/wp-content\/uploads\/2024\/01\/Business_Continuity_Policy-GR.pdf\" rel=\"nofollow noopener\" target=\"_blank\"><strong>ISO 22301:2019 Kontinuitet poslovanja<\/strong><\/a><\/p>\n\n\t\t<\/div>\n\t<\/div>\n\r\n\t\t<\/div>\r\n\t<\/div><\/div><\/div><\/div><div class=\"slider-who wpb_column vc_column_container vc_col-sm-6 vc_col-has-fill\"><div class=\"vc_column-inner vc_custom_1694604977739\"><div class=\"wpb_wrapper\">\n\t<div  class=\"wpb_single_image wpb_content_element vc_align_left   txtimg-row-right\">\n\t\t\n\t\t<figure class=\"wpb_wrapper vc_figure\">\n\t\t\t<div class=\"vc_single_image-wrapper   vc_box_border_grey\"><img loading=\"lazy\" decoding=\"async\" width=\"750\" height=\"420\" src=\"https:\/\/www.icapcontactcenter.com\/wp-content\/uploads\/2023\/09\/Pistopoihseis-photo.jpg\" class=\"vc_single_image-img attachment-full\" alt=\"\" title=\"Pistopoihseis-photo\" srcset=\"https:\/\/www.icapcontactcenter.com\/wp-content\/uploads\/2023\/09\/Pistopoihseis-photo.jpg 750w, https:\/\/www.icapcontactcenter.com\/wp-content\/uploads\/2023\/09\/Pistopoihseis-photo-300x168.jpg 300w, https:\/\/www.icapcontactcenter.com\/wp-content\/uploads\/2023\/09\/Pistopoihseis-photo-18x10.jpg 18w, https:\/\/www.icapcontactcenter.com\/wp-content\/uploads\/2023\/09\/Pistopoihseis-photo-600x336.jpg 600w, https:\/\/www.icapcontactcenter.com\/wp-content\/uploads\/2023\/09\/Pistopoihseis-photo-480x269.jpg 480w\" sizes=\"(max-width: 750px) 100vw, 750px\" \/><\/div>\n\t\t<\/figure>\n\t<\/div>\n<\/div><\/div><\/div><\/div><\/section><\/div><div class=\"vc-custom-col-spacing clearfix vc-col-spacing-30\"><section class=\"wpb_row vc_row-fluid no-padding row-content-position-Default row-equal-height\"><div class=\"row-inner clearfix\"><div class=\"slider-who wpb_column vc_column_container vc_col-sm-6 vc_col-has-fill\"><div class=\"vc_column-inner vc_custom_1694605055829\"><div class=\"wpb_wrapper\">\n\t<div  class=\"wpb_single_image wpb_content_element vc_align_left   txtimg-row-left\">\n\t\t\n\t\t<figure class=\"wpb_wrapper vc_figure\">\n\t\t\t<div class=\"vc_single_image-wrapper   vc_box_border_grey\"><img loading=\"lazy\" decoding=\"async\" width=\"750\" height=\"420\" src=\"https:\/\/www.icapcontactcenter.com\/wp-content\/uploads\/2023\/09\/Diakriseis-photo.jpg\" class=\"vc_single_image-img attachment-full\" alt=\"\" title=\"Diakriseis-photo\" srcset=\"https:\/\/www.icapcontactcenter.com\/wp-content\/uploads\/2023\/09\/Diakriseis-photo.jpg 750w, https:\/\/www.icapcontactcenter.com\/wp-content\/uploads\/2023\/09\/Diakriseis-photo-300x168.jpg 300w, https:\/\/www.icapcontactcenter.com\/wp-content\/uploads\/2023\/09\/Diakriseis-photo-18x10.jpg 18w, https:\/\/www.icapcontactcenter.com\/wp-content\/uploads\/2023\/09\/Diakriseis-photo-600x336.jpg 600w, https:\/\/www.icapcontactcenter.com\/wp-content\/uploads\/2023\/09\/Diakriseis-photo-480x269.jpg 480w\" sizes=\"(max-width: 750px) 100vw, 750px\" \/><\/div>\n\t\t<\/figure>\n\t<\/div>\n<\/div><\/div><\/div><div class=\"txt-row-right wpb_column vc_column_container vc_col-sm-6\"><div class=\"vc_column-inner\"><div class=\"wpb_wrapper\"><div class=\"wprt-content-box clearfix\" data-padding=\"\" data-mobipadding=\"\" data-margin=\"\" data-mobimargin=\"8%\">\r\n\t\t<div class=\"inner\" style=\"\">\r\n\t\t\t<div class=\"wprt-headings clearfix\" data-font=\"31\" style=\"\"><h2 class=\"heading clearfix\" style=\"font-weight:700;color:#233167;margin-bottom:5px;font-size:31px;\">\r\n\t\tNagrade\r\n\t<\/h2><div class=\"sep  clearfix\" style=\"width:60px;height:3px;background-color:#9ab53f;\"><\/div><p class=\"sub-heading clearfix\" style=\"font-style:normal;font-size:14px;line-height:28px;margin-top:12px;margin-bottom:20px;\">\r\n\t\tGodine 2023. ICAP Kontakt centar osvojio je nagradu ``Distingvovanja za korisni\u010dku uslugu``, na Nacionalnim nagradama za korisni\u010dku uslugu. Nadalje, u pro\u0161losti, na sli\u010dnim doga\u0111ajima istog takmi\u010denja, ICAP Kontakt centar se istakao u kategorijama ``Menad\u017eer godine`` i ``Centar za korisni\u010dku uslugu godine.\r\n\t<\/p><\/div>\n\r\n\t\t<\/div>\r\n\t<\/div><\/div><\/div><\/div><\/div><\/section><\/div><\/section><div class=\"vc-custom-col-spacing clearfix vc-col-spacing-30\"><section class=\"wpb_row vc_row-fluid vc_custom_1693551499538 vc_row-has-fill row-content-position-Default\"><div class=\"wprt-container\"><div class=\"row-inner clearfix\"><div class=\"wpb_column vc_column_container vc_col-sm-12\"><div class=\"vc_column-inner\"><div class=\"wpb_wrapper\">\r\n\t<div class=\"wprt-spacer clearfix\" data-desktop=\"100\" data-mobi=\"45\" data-smobi=\"45\"><\/div><\/div><\/div><\/div><\/div><\/div><\/section><\/div>\n<\/section>","protected":false},"excerpt":{"rendered":"O nama Ko smo mi ICAP Kontakt Centar osnovan je 1999. i pru\u017ea usluge visokog nivoa u oblasti komunikacija i prodaje. Zapo\u0161ljavamo preko 1.200 obu\u010denih zaposlenih i utvr\u0111eni smo kao jedno od najuspe\u0161nijih brzorastu\u0107ih preduze\u0107a u oblasti kontakt centra, pro\u0161iruju\u0107i prisustvo na\u0161e kompanije na gr\u010dkom i evropskom tr\u017ei\u0161tu. Imamo napredne sisteme za neprekidan rad na\u0161eg kontakt centra 24\/7, kao i moderne multikanalne platforme koje obezbe\u0111uju brz odgovor i izuzetno iskustvo za na\u0161e klijente. Sa modernim infrastrukturama obezbe\u0111ujemo bezbednost, kvalitet i efikasnost na\u0161ih usluga. Stremimo ka dugoro\u010dnim i uspe\u0161nim saradnjama, odr\u017eavaju\u0107i odnose u kojima sve strane dobijaju. ICAP Kontakt Centar je \u010dlan ICAP Outsourcing Solutions, jedne od vode\u0107ih grupacija&hellip;","protected":false},"author":2,"featured_media":0,"parent":0,"menu_order":0,"comment_status":"closed","ping_status":"closed","template":"","meta":{"footnotes":""},"_links":{"self":[{"href":"https:\/\/www.icapcontactcenter.com\/sr\/wp-json\/wp\/v2\/pages\/3784"}],"collection":[{"href":"https:\/\/www.icapcontactcenter.com\/sr\/wp-json\/wp\/v2\/pages"}],"about":[{"href":"https:\/\/www.icapcontactcenter.com\/sr\/wp-json\/wp\/v2\/types\/page"}],"author":[{"embeddable":true,"href":"https:\/\/www.icapcontactcenter.com\/sr\/wp-json\/wp\/v2\/users\/2"}],"replies":[{"embeddable":true,"href":"https:\/\/www.icapcontactcenter.com\/sr\/wp-json\/wp\/v2\/comments?post=3784"}],"version-history":[{"count":70,"href":"https:\/\/www.icapcontactcenter.com\/sr\/wp-json\/wp\/v2\/pages\/3784\/revisions"}],"predecessor-version":[{"id":5765,"href":"https:\/\/www.icapcontactcenter.com\/sr\/wp-json\/wp\/v2\/pages\/3784\/revisions\/5765"}],"wp:attachment":[{"href":"https:\/\/www.icapcontactcenter.com\/sr\/wp-json\/wp\/v2\/media?parent=3784"}],"curies":[{"name":"wp","href":"https:\/\/api.w.org\/{rel}","templated":true}]}}